{"id":374,"date":"2025-12-29T20:17:32","date_gmt":"2025-12-29T20:17:32","guid":{"rendered":"https:\/\/baycenpackaging.com\/?page_id=374"},"modified":"2026-04-18T18:48:06","modified_gmt":"2026-04-18T18:48:06","slug":"packing-solutions","status":"publish","type":"page","link":"https:\/\/baycenpackaging.com\/tr\/packing-solutions\/","title":{"rendered":"Ambalaj \u00c7\u00f6z\u00fcmleri"},"content":{"rendered":"<div data-elementor-type=\"wp-page\" data-elementor-id=\"374\" class=\"elementor elementor-374\">\n\t\t\t\t<div class=\"elementor-element elementor-element-a1d92ff e-flex e-con-boxed e-con e-parent\" data-id=\"a1d92ff\" data-element_type=\"container\" data-settings=\"{&quot;background_background&quot;:&quot;classic&quot;}\">\n\t\t\t\t\t<div class=\"e-con-inner\">\n\t\t\t\t<div class=\"elementor-element elementor-element-886f62d elementor-widget elementor-widget-heading\" data-id=\"886f62d\" data-element_type=\"widget\" data-widget_type=\"heading.default\">\n\t\t\t\t\t<h1 class=\"elementor-heading-title elementor-size-default\">Premium \u00d6zelle\u015ftirilmi\u015f Ambalaj \u00c7\u00f6z\u00fcmleri<\/h1>\t\t\t\t<\/div>\n\t\t\t\t<div class=\"elementor-element elementor-element-d7095fc elementor-widget elementor-widget-text-editor\" data-id=\"d7095fc\" data-element_type=\"widget\" data-widget_type=\"text-editor.default\">\n\t\t\t\t\t\t\t\t\t<p>M\u00fccevher ve kurumsal hediye g\u00f6nderimi i\u00e7in \u00f6zel olarak tasarlanm\u0131\u015f, y\u00fcksek kaliteli, sert kutular \u00fcretiyoruz. <br \/>Hassas i\u015f\u00e7ilik, l\u00fcks detaylar ve \u00fcr\u00fcnlerinizi \u00fcst seviyeye ta\u015f\u0131yan marka kimli\u011fi<\/p>\t\t\t\t\t\t\t\t<\/div>\n\t\t\t\t<div class=\"elementor-element elementor-element-319d605 elementor-widget elementor-widget-button\" data-id=\"319d605\" data-element_type=\"widget\" data-widget_type=\"button.default\">\n\t\t\t\t\t\t\t\t\t\t<a class=\"elementor-button elementor-button-link elementor-size-sm elementor-animation-grow\" href=\"https:\/\/baycenpackaging.com\/tr\/products\/\">\n\t\t\t\t\t\t<span class=\"elementor-button-content-wrapper\">\n\t\t\t\t\t\t\t\t\t<span class=\"elementor-button-text\">\u00c7\u00f6z\u00fcmlerimizi Ke\u015ffedin <\/span>\n\t\t\t\t\t<\/span>\n\t\t\t\t\t<\/a>\n\t\t\t\t\t\t\t\t<\/div>\n\t\t\t\t\t<\/div>\n\t\t\t\t<\/div>\n\t\t<div class=\"elementor-element elementor-element-9d59dae e-flex e-con-boxed e-con e-parent\" data-id=\"9d59dae\" data-element_type=\"container\">\n\t\t\t\t\t<div class=\"e-con-inner\">\n\t\t<div class=\"elementor-element elementor-element-5de9444 e-con-full e-flex e-con e-child\" data-id=\"5de9444\" data-element_type=\"container\">\n\t\t\t\t<div class=\"elementor-element elementor-element-03d2c9f elementor-widget elementor-widget-heading\" data-id=\"03d2c9f\" data-element_type=\"widget\" data-widget_type=\"heading.default\">\n\t\t\t\t\t<h2 class=\"elementor-heading-title elementor-size-default\">M\u00fccevher Ambalajlama<\/h2>\t\t\t\t<\/div>\n\t\t\t\t<div class=\"elementor-element elementor-element-b9b822d elementor-widget elementor-widget-text-editor\" data-id=\"b9b822d\" data-element_type=\"widget\" data-widget_type=\"text-editor.default\">\n\t\t\t\t\t\t\t\t\t<p>M\u00fccevher ve l\u00fcks aksesuarlar i\u00e7in birinci s\u0131n\u0131f sert kutular. \u00d6zel i\u00e7 b\u00f6lmeleri ve zarif y\u00fczeyleriyle \u00fcr\u00fcnlerinizi korumak ve g\u00fczel bir \u015fekilde sergilemek \u00fczere tasarlanm\u0131\u015ft\u0131r.<\/p>\t\t\t\t\t\t\t\t<\/div>\n\t\t\t\t<div class=\"elementor-element elementor-element-5b026e7 elementor-icon-list--layout-traditional elementor-list-item-link-full_width elementor-widget elementor-widget-icon-list\" data-id=\"5b026e7\" data-element_type=\"widget\" data-widget_type=\"icon-list.default\">\n\t\t\t\t\t\t\t<ul class=\"elementor-icon-list-items\">\n\t\t\t\t\t\t\t<li class=\"elementor-icon-list-item\">\n\t\t\t\t\t\t\t\t\t\t\t<span class=\"elementor-icon-list-icon\">\n\t\t\t\t\t\t\t<svg aria-hidden=\"true\" class=\"e-font-icon-svg e-fas-check\" viewbox=\"0 0 512 512\" xmlns=\"http:\/\/www.w3.org\/2000\/svg\"><path d=\"M173.898 439.404l-166.4-166.4c-9.997-9.997-9.997-26.206 0-36.204l36.203-36.204c9.997-9.998 26.207-9.998 36.204 0L192 312.69 432.095 72.596c9.997-9.997 26.207-9.997 36.204 0l36.203 36.204c9.997 9.997 9.997 26.206 0 36.204l-294.4 294.401c-9.998 9.997-26.207 9.997-36.204-.001z\"><\/path><\/svg>\t\t\t\t\t\t<\/span>\n\t\t\t\t\t\t\t\t\t\t<span class=\"elementor-icon-list-text\">L\u00fcks sert kutu yap\u0131s\u0131<\/span>\n\t\t\t\t\t\t\t\t\t<\/li>\n\t\t\t\t\t\t\t\t<li class=\"elementor-icon-list-item\">\n\t\t\t\t\t\t\t\t\t\t\t<span class=\"elementor-icon-list-icon\">\n\t\t\t\t\t\t\t<svg aria-hidden=\"true\" class=\"e-font-icon-svg e-fas-check\" viewbox=\"0 0 512 512\" xmlns=\"http:\/\/www.w3.org\/2000\/svg\"><path d=\"M173.898 439.404l-166.4-166.4c-9.997-9.997-9.997-26.206 0-36.204l36.203-36.204c9.997-9.998 26.207-9.998 36.204 0L192 312.69 432.095 72.596c9.997-9.997 26.207-9.997 36.204 0l36.203 36.204c9.997 9.997 9.997 26.206 0 36.204l-294.4 294.401c-9.998 9.997-26.207 9.997-36.204-.001z\"><\/path><\/svg>\t\t\t\t\t\t<\/span>\n\t\t\t\t\t\t\t\t\t\t<span class=\"elementor-icon-list-text\">Kadife ve saten i\u00e7 d\u00f6\u015feme se\u00e7enekleri<\/span>\n\t\t\t\t\t\t\t\t\t<\/li>\n\t\t\t\t\t\t\t\t<li class=\"elementor-icon-list-item\">\n\t\t\t\t\t\t\t\t\t\t\t<span class=\"elementor-icon-list-icon\">\n\t\t\t\t\t\t\t<svg aria-hidden=\"true\" class=\"e-font-icon-svg e-fas-check\" viewbox=\"0 0 512 512\" xmlns=\"http:\/\/www.w3.org\/2000\/svg\"><path d=\"M173.898 439.404l-166.4-166.4c-9.997-9.997-9.997-26.206 0-36.204l36.203-36.204c9.997-9.998 26.207-9.998 36.204 0L192 312.69 432.095 72.596c9.997-9.997 26.207-9.997 36.204 0l36.203 36.204c9.997 9.997 9.997 26.206 0 36.204l-294.4 294.401c-9.998 9.997-26.207 9.997-36.204-.001z\"><\/path><\/svg>\t\t\t\t\t\t<\/span>\n\t\t\t\t\t\t\t\t\t\t<span class=\"elementor-icon-list-text\">\u00d6zel marka ve metalik folyolar<\/span>\n\t\t\t\t\t\t\t\t\t<\/li>\n\t\t\t\t\t\t<\/ul>\n\t\t\t\t\t\t<\/div>\n\t\t\t\t<div class=\"elementor-element elementor-element-377a941 elementor-widget elementor-widget-button\" data-id=\"377a941\" data-element_type=\"widget\" data-widget_type=\"button.default\">\n\t\t\t\t\t\t\t\t\t\t<a class=\"elementor-button elementor-button-link elementor-size-sm elementor-animation-grow\" href=\"https:\/\/baycenpackaging.com\/tr\/products\/\">\n\t\t\t\t\t\t<span class=\"elementor-button-content-wrapper\">\n\t\t\t\t\t\t\t\t\t<span class=\"elementor-button-text\">\u00c7\u00f6z\u00fcmlerimizi Ke\u015ffedin<\/span>\n\t\t\t\t\t<\/span>\n\t\t\t\t\t<\/a>\n\t\t\t\t\t\t\t\t<\/div>\n\t\t\t\t<\/div>\n\t\t<div class=\"elementor-element elementor-element-f956507 e-con-full e-flex e-con e-child\" data-id=\"f956507\" data-element_type=\"container\">\n\t\t\t\t<div class=\"elementor-element elementor-element-3fb1ccc elementor-widget elementor-widget-image\" data-id=\"3fb1ccc\" data-element_type=\"widget\" data-widget_type=\"image.default\">\n\t\t\t\t\t\t\t\t\t\t\t\t\t\t\t<img fetchpriority=\"high\" decoding=\"async\" width=\"1024\" height=\"1024\" src=\"https:\/\/baycenpackaging.com\/wp-content\/uploads\/2026\/04\/WhatsApp-Image-2026-04-09-at-22.24.04-1-1024x1024.jpeg\" class=\"attachment-large size-large wp-image-2158\" alt=\"\" srcset=\"https:\/\/baycenpackaging.com\/wp-content\/uploads\/2026\/04\/WhatsApp-Image-2026-04-09-at-22.24.04-1-1024x1024.jpeg 1024w, https:\/\/baycenpackaging.com\/wp-content\/uploads\/2026\/04\/WhatsApp-Image-2026-04-09-at-22.24.04-1-300x300.jpeg 300w, https:\/\/baycenpackaging.com\/wp-content\/uploads\/2026\/04\/WhatsApp-Image-2026-04-09-at-22.24.04-1-150x150.jpeg 150w, https:\/\/baycenpackaging.com\/wp-content\/uploads\/2026\/04\/WhatsApp-Image-2026-04-09-at-22.24.04-1-768x768.jpeg 768w, https:\/\/baycenpackaging.com\/wp-content\/uploads\/2026\/04\/WhatsApp-Image-2026-04-09-at-22.24.04-1-12x12.jpeg 12w, https:\/\/baycenpackaging.com\/wp-content\/uploads\/2026\/04\/WhatsApp-Image-2026-04-09-at-22.24.04-1.jpeg 1080w\" sizes=\"(max-width: 1024px) 100vw, 1024px\" \/>\t\t\t\t\t\t\t\t\t\t\t\t\t\t\t<\/div>\n\t\t\t\t<\/div>\n\t\t\t\t\t<\/div>\n\t\t\t\t<\/div>\n\t\t<div class=\"elementor-element elementor-element-a462d01 e-flex e-con-boxed e-con e-parent\" data-id=\"a462d01\" data-element_type=\"container\">\n\t\t\t\t\t<div class=\"e-con-inner\">\n\t\t<div class=\"elementor-element elementor-element-8f8d54a e-con-full e-flex e-con e-child\" data-id=\"8f8d54a\" data-element_type=\"container\">\n\t\t\t\t<div class=\"elementor-element elementor-element-f3994c4 elementor-widget elementor-widget-image\" data-id=\"f3994c4\" data-element_type=\"widget\" data-widget_type=\"image.default\">\n\t\t\t\t\t\t\t\t\t\t\t\t\t\t\t<img decoding=\"async\" width=\"1024\" height=\"683\" src=\"https:\/\/baycenpackaging.com\/wp-content\/uploads\/2026\/04\/canva-beyaz-siyah-kitap-kutu-1024x683.png\" class=\"attachment-large size-large wp-image-2234\" alt=\"\" srcset=\"https:\/\/baycenpackaging.com\/wp-content\/uploads\/2026\/04\/canva-beyaz-siyah-kitap-kutu-1024x683.png 1024w, https:\/\/baycenpackaging.com\/wp-content\/uploads\/2026\/04\/canva-beyaz-siyah-kitap-kutu-300x200.png 300w, https:\/\/baycenpackaging.com\/wp-content\/uploads\/2026\/04\/canva-beyaz-siyah-kitap-kutu-768x512.png 768w, https:\/\/baycenpackaging.com\/wp-content\/uploads\/2026\/04\/canva-beyaz-siyah-kitap-kutu-18x12.png 18w, https:\/\/baycenpackaging.com\/wp-content\/uploads\/2026\/04\/canva-beyaz-siyah-kitap-kutu.png 1536w\" sizes=\"(max-width: 1024px) 100vw, 1024px\" \/>\t\t\t\t\t\t\t\t\t\t\t\t\t\t\t<\/div>\n\t\t\t\t<\/div>\n\t\t<div class=\"elementor-element elementor-element-8c45549 e-con-full e-flex e-con e-child\" data-id=\"8c45549\" data-element_type=\"container\">\n\t\t\t\t<div class=\"elementor-element elementor-element-f884ed1 elementor-widget elementor-widget-heading\" data-id=\"f884ed1\" data-element_type=\"widget\" data-widget_type=\"heading.default\">\n\t\t\t\t\t<h2 class=\"elementor-heading-title elementor-size-default\">Hediye &amp; Kurumsal Ambalajlar\n<\/h2>\t\t\t\t<\/div>\n\t\t\t\t<div class=\"elementor-element elementor-element-aa2c19b elementor-widget elementor-widget-text-editor\" data-id=\"aa2c19b\" data-element_type=\"widget\" data-widget_type=\"text-editor.default\">\n\t\t\t\t\t\t\t\t\t<p>Kurumsal hediyeler, halkla ili\u015fkiler kitleri, \u00fcr\u00fcn lansmanlar\u0131, l\u00fcks hediye setleri ve \u00f6zel etkinlikler i\u00e7in tasarlanm\u0131\u015f, ola\u011fan\u00fcst\u00fc sunum de\u011feri sunan sert kutular.<\/p>\t\t\t\t\t\t\t\t<\/div>\n\t\t\t\t<div class=\"elementor-element elementor-element-3fbf5cd elementor-icon-list--layout-traditional elementor-list-item-link-full_width elementor-widget elementor-widget-icon-list\" data-id=\"3fbf5cd\" data-element_type=\"widget\" data-widget_type=\"icon-list.default\">\n\t\t\t\t\t\t\t<ul class=\"elementor-icon-list-items\">\n\t\t\t\t\t\t\t<li class=\"elementor-icon-list-item\">\n\t\t\t\t\t\t\t\t\t\t\t<span class=\"elementor-icon-list-icon\">\n\t\t\t\t\t\t\t<svg aria-hidden=\"true\" class=\"e-font-icon-svg e-fas-check\" viewbox=\"0 0 512 512\" xmlns=\"http:\/\/www.w3.org\/2000\/svg\"><path d=\"M173.898 439.404l-166.4-166.4c-9.997-9.997-9.997-26.206 0-36.204l36.203-36.204c9.997-9.998 26.207-9.998 36.204 0L192 312.69 432.095 72.596c9.997-9.997 26.207-9.997 36.204 0l36.203 36.204c9.997 9.997 9.997 26.206 0 36.204l-294.4 294.401c-9.998 9.997-26.207 9.997-36.204-.001z\"><\/path><\/svg>\t\t\t\t\t\t<\/span>\n\t\t\t\t\t\t\t\t\t\t<span class=\"elementor-icon-list-text\">\u00d6zel tasar\u0131ml\u0131 ek par\u00e7alar ve yap\u0131sal m\u00fchendislik<\/span>\n\t\t\t\t\t\t\t\t\t<\/li>\n\t\t\t\t\t\t\t\t<li class=\"elementor-icon-list-item\">\n\t\t\t\t\t\t\t\t\t\t\t<span class=\"elementor-icon-list-icon\">\n\t\t\t\t\t\t\t<svg aria-hidden=\"true\" class=\"e-font-icon-svg e-fas-check\" viewbox=\"0 0 512 512\" xmlns=\"http:\/\/www.w3.org\/2000\/svg\"><path d=\"M173.898 439.404l-166.4-166.4c-9.997-9.997-9.997-26.206 0-36.204l36.203-36.204c9.997-9.998 26.207-9.998 36.204 0L192 312.69 432.095 72.596c9.997-9.997 26.207-9.997 36.204 0l36.203 36.204c9.997 9.997 9.997 26.206 0 36.204l-294.4 294.401c-9.998 9.997-26.207 9.997-36.204-.001z\"><\/path><\/svg>\t\t\t\t\t\t<\/span>\n\t\t\t\t\t\t\t\t\t\t<span class=\"elementor-icon-list-text\">Y\u00fcksek kaliteli dokular ve yumu\u015fak dokunu\u015flu kaplamalar<\/span>\n\t\t\t\t\t\t\t\t\t<\/li>\n\t\t\t\t\t\t\t\t<li class=\"elementor-icon-list-item\">\n\t\t\t\t\t\t\t\t\t\t\t<span class=\"elementor-icon-list-icon\">\n\t\t\t\t\t\t\t<svg aria-hidden=\"true\" class=\"e-font-icon-svg e-fas-check\" viewbox=\"0 0 512 512\" xmlns=\"http:\/\/www.w3.org\/2000\/svg\"><path d=\"M173.898 439.404l-166.4-166.4c-9.997-9.997-9.997-26.206 0-36.204l36.203-36.204c9.997-9.998 26.207-9.998 36.204 0L192 312.69 432.095 72.596c9.997-9.997 26.207-9.997 36.204 0l36.203 36.204c9.997 9.997 9.997 26.206 0 36.204l-294.4 294.401c-9.998 9.997-26.207 9.997-36.204-.001z\"><\/path><\/svg>\t\t\t\t\t\t<\/span>\n\t\t\t\t\t\t\t\t\t\t<span class=\"elementor-icon-list-text\">Manyetik kapatma sistemleri mevcuttur<\/span>\n\t\t\t\t\t\t\t\t\t<\/li>\n\t\t\t\t\t\t<\/ul>\n\t\t\t\t\t\t<\/div>\n\t\t\t\t<div class=\"elementor-element elementor-element-0ba9d73 elementor-widget elementor-widget-button\" data-id=\"0ba9d73\" data-element_type=\"widget\" data-widget_type=\"button.default\">\n\t\t\t\t\t\t\t\t\t\t<a class=\"elementor-button elementor-button-link elementor-size-sm elementor-animation-grow\" href=\"#\/products\">\n\t\t\t\t\t\t<span class=\"elementor-button-content-wrapper\">\n\t\t\t\t\t\t\t\t\t<span class=\"elementor-button-text\">\u00c7\u00f6z\u00fcmlerimizi Ke\u015ffedin <\/span>\n\t\t\t\t\t<\/span>\n\t\t\t\t\t<\/a>\n\t\t\t\t\t\t\t\t<\/div>\n\t\t\t\t<\/div>\n\t\t\t\t\t<\/div>\n\t\t\t\t<\/div>\n\t\t<div class=\"elementor-element elementor-element-755bcbf e-flex e-con-boxed e-con e-parent\" data-id=\"755bcbf\" data-element_type=\"container\">\n\t\t\t\t\t<div class=\"e-con-inner\">\n\t\t\t\t<div class=\"elementor-element elementor-element-3a1141b elementor-widget elementor-widget-heading\" data-id=\"3a1141b\" data-element_type=\"widget\" data-widget_type=\"heading.default\">\n\t\t\t\t\t<h2 class=\"elementor-heading-title elementor-size-default\">Premium Ambalajlar Olu\u015fturmaya Haz\u0131r m\u0131s\u0131n\u0131z?<\/h2>\t\t\t\t<\/div>\n\t\t\t\t<div class=\"elementor-element elementor-element-3400d66 elementor-widget elementor-widget-text-editor\" data-id=\"3400d66\" data-element_type=\"widget\" data-widget_type=\"text-editor.default\">\n\t\t\t\t\t\t\t\t\t<p>Markan\u0131z\u0131n hak etti\u011fi l\u00fcks\u00fc sunan ambalajlar konusunda birlikte \u00e7al\u0131\u015fal\u0131m<\/p>\t\t\t\t\t\t\t\t<\/div>\n\t\t\t\t<div class=\"elementor-element elementor-element-4325d69 elementor-widget elementor-widget-button\" data-id=\"4325d69\" data-element_type=\"widget\" data-widget_type=\"button.default\">\n\t\t\t\t\t\t\t\t\t\t<a class=\"elementor-button elementor-button-link elementor-size-sm elementor-animation-grow\" href=\"https:\/\/baycenpackaging.com\/tr\/box-configurator\/\">\n\t\t\t\t\t\t<span class=\"elementor-button-content-wrapper\">\n\t\t\t\t\t\t\t\t\t<span class=\"elementor-button-text\">Projenize Ba\u015flay\u0131n <\/span>\n\t\t\t\t\t<\/span>\n\t\t\t\t\t<\/a>\n\t\t\t\t\t\t\t\t<\/div>\n\t\t\t\t\t<\/div>\n\t\t\t\t<\/div>\n\t\t\t\t<\/div>","protected":false},"excerpt":{"rendered":"<p>Premium Custom Packaging Solutions We craft high-quality rigid boxes tailored for jewellery and corporate gifting. Precise craftsmanship, luxurious finishes, and [&hellip;]<\/p>","protected":false},"author":1,"featured_media":0,"parent":0,"menu_order":0,"comment_status":"closed","ping_status":"closed","template":"","meta":{"site-sidebar-layout":"no-sidebar","site-content-layout":"","ast-site-content-layout":"full-width-container","site-content-style":"default","site-sidebar-style":"default","ast-global-header-display":"","ast-banner-title-visibility":"","ast-main-header-display":"","ast-hfb-above-header-display":"","ast-hfb-below-header-display":"","ast-hfb-mobile-header-display":"","site-post-title":"disabled","ast-breadcrumbs-content":"","ast-featured-img":"disabled","footer-sml-layout":"","ast-disable-related-posts":"","theme-transparent-header-meta":"","adv-header-id-meta":"","stick-header-meta":"","header-above-stick-meta":"","header-main-stick-meta":"","header-below-stick-meta":"","astra-migrate-meta-layouts":"default","ast-page-background-enabled":"default","ast-page-background-meta":{"desktop":{"background-color":"var(--ast-global-color-5)","background-image":"","background-repeat":"repeat","background-position":"center center","background-size":"auto","background-attachment":"scroll","background-type":"","background-media":"","overlay-type":"","overlay-color":"","overlay-opacity":"","overlay-gradient":""},"tablet":{"background-color":"","background-image":"","background-repeat":"repeat","background-position":"center center","background-size":"auto","background-attachment":"scroll","background-type":"","background-media":"","overlay-type":"","overlay-color":"","overlay-opacity":"","overlay-gradient":""},"mobile":{"background-color":"","background-image":"","background-repeat":"repeat","background-position":"center center","background-size":"auto","background-attachment":"scroll","background-type":"","background-media":"","overlay-type":"","overlay-color":"","overlay-opacity":"","overlay-gradient":""}},"ast-content-background-meta":{"desktop":{"background-color":"var(--ast-global-color-4)","background-image":"","background-repeat":"repeat","background-position":"center center","background-size":"auto","background-attachment":"scroll","background-type":"","background-media":"","overlay-type":"","overlay-color":"","overlay-opacity":"","overlay-gradient":""},"tablet":{"background-color":"var(--ast-global-color-4)","background-image":"","background-repeat":"repeat","background-position":"center center","background-size":"auto","background-attachment":"scroll","background-type":"","background-media":"","overlay-type":"","overlay-color":"","overlay-opacity":"","overlay-gradient":""},"mobile":{"background-color":"var(--ast-global-color-4)","background-image":"","background-repeat":"repeat","background-position":"center center","background-size":"auto","background-attachment":"scroll","background-type":"","background-media":"","overlay-type":"","overlay-color":"","overlay-opacity":"","overlay-gradient":""}},"footnotes":""},"class_list":["post-374","page","type-page","status-publish","hentry"],"yoast_head":"<!-- This site is optimized with the Yoast SEO plugin v26.6 - https:\/\/yoast.com\/wordpress\/plugins\/seo\/ -->\n<title>Packing Solutions - baycenpackaging.com<\/title>\n<meta name=\"robots\" content=\"index, follow, max-snippet:-1, max-image-preview:large, max-video-preview:-1\" \/>\n<link rel=\"canonical\" href=\"https:\/\/baycenpackaging.com\/tr\/packing-solutions\/\" \/>\n<meta property=\"og:locale\" content=\"tr_TR\" \/>\n<meta property=\"og:type\" content=\"article\" \/>\n<meta property=\"og:title\" content=\"Packing Solutions - baycenpackaging.com\" \/>\n<meta property=\"og:description\" content=\"Premium Custom Packaging Solutions We craft high-quality rigid boxes tailored for jewellery and corporate gifting. Precise craftsmanship, luxurious finishes, and [&hellip;]\" \/>\n<meta property=\"og:url\" content=\"https:\/\/baycenpackaging.com\/tr\/packing-solutions\/\" \/>\n<meta property=\"og:site_name\" content=\"baycenpackaging.com\" \/>\n<meta property=\"article:modified_time\" content=\"2026-04-18T18:48:06+00:00\" \/>\n<meta property=\"og:image\" content=\"https:\/\/baycenpackaging.com\/wp-content\/uploads\/2026\/04\/WhatsApp-Image-2026-04-09-at-22.24.04-1.jpeg\" \/>\n\t<meta property=\"og:image:width\" content=\"1080\" \/>\n\t<meta property=\"og:image:height\" content=\"1080\" \/>\n\t<meta property=\"og:image:type\" content=\"image\/jpeg\" \/>\n<meta name=\"twitter:card\" content=\"summary_large_image\" \/>\n<meta name=\"twitter:label1\" content=\"Tahmini okuma s\u00fcresi\" \/>\n\t<meta name=\"twitter:data1\" content=\"1 dakika\" \/>\n<script type=\"application\/ld+json\" class=\"yoast-schema-graph\">{\"@context\":\"https:\/\/schema.org\",\"@graph\":[{\"@type\":\"WebPage\",\"@id\":\"https:\/\/baycenpackaging.com\/packing-solutions\/\",\"url\":\"https:\/\/baycenpackaging.com\/packing-solutions\/\",\"name\":\"Packing Solutions - baycenpackaging.com\",\"isPartOf\":{\"@id\":\"https:\/\/baycenpackaging.com\/#website\"},\"primaryImageOfPage\":{\"@id\":\"https:\/\/baycenpackaging.com\/packing-solutions\/#primaryimage\"},\"image\":{\"@id\":\"https:\/\/baycenpackaging.com\/packing-solutions\/#primaryimage\"},\"thumbnailUrl\":\"https:\/\/baycenpackaging.com\/wp-content\/uploads\/2026\/04\/WhatsApp-Image-2026-04-09-at-22.24.04-1-1024x1024.jpeg\",\"datePublished\":\"2025-12-29T20:17:32+00:00\",\"dateModified\":\"2026-04-18T18:48:06+00:00\",\"breadcrumb\":{\"@id\":\"https:\/\/baycenpackaging.com\/packing-solutions\/#breadcrumb\"},\"inLanguage\":\"tr\",\"potentialAction\":[{\"@type\":\"ReadAction\",\"target\":[\"https:\/\/baycenpackaging.com\/packing-solutions\/\"]}]},{\"@type\":\"ImageObject\",\"inLanguage\":\"tr\",\"@id\":\"https:\/\/baycenpackaging.com\/packing-solutions\/#primaryimage\",\"url\":\"https:\/\/baycenpackaging.com\/wp-content\/uploads\/2026\/04\/WhatsApp-Image-2026-04-09-at-22.24.04-1-1024x1024.jpeg\",\"contentUrl\":\"https:\/\/baycenpackaging.com\/wp-content\/uploads\/2026\/04\/WhatsApp-Image-2026-04-09-at-22.24.04-1-1024x1024.jpeg\"},{\"@type\":\"BreadcrumbList\",\"@id\":\"https:\/\/baycenpackaging.com\/packing-solutions\/#breadcrumb\",\"itemListElement\":[{\"@type\":\"ListItem\",\"position\":1,\"name\":\"Home\",\"item\":\"https:\/\/baycenpackaging.com\/\"},{\"@type\":\"ListItem\",\"position\":2,\"name\":\"Packing Solutions\"}]},{\"@type\":\"WebSite\",\"@id\":\"https:\/\/baycenpackaging.com\/#website\",\"url\":\"https:\/\/baycenpackaging.com\/\",\"name\":\"baycenpackaging.com\",\"description\":\"\",\"potentialAction\":[{\"@type\":\"SearchAction\",\"target\":{\"@type\":\"EntryPoint\",\"urlTemplate\":\"https:\/\/baycenpackaging.com\/?s={search_term_string}\"},\"query-input\":{\"@type\":\"PropertyValueSpecification\",\"valueRequired\":true,\"valueName\":\"search_term_string\"}}],\"inLanguage\":\"tr\"}]}<\/script>\n<!-- \/ Yoast SEO plugin. -->","yoast_head_json":{"title":"Packing Solutions - baycenpackaging.com","robots":{"index":"index","follow":"follow","max-snippet":"max-snippet:-1","max-image-preview":"max-image-preview:large","max-video-preview":"max-video-preview:-1"},"canonical":"https:\/\/baycenpackaging.com\/tr\/packing-solutions\/","og_locale":"tr_TR","og_type":"article","og_title":"Packing Solutions - baycenpackaging.com","og_description":"Premium Custom Packaging Solutions We craft high-quality rigid boxes tailored for jewellery and corporate gifting. Precise craftsmanship, luxurious finishes, and [&hellip;]","og_url":"https:\/\/baycenpackaging.com\/tr\/packing-solutions\/","og_site_name":"baycenpackaging.com","article_modified_time":"2026-04-18T18:48:06+00:00","og_image":[{"width":1080,"height":1080,"url":"https:\/\/baycenpackaging.com\/wp-content\/uploads\/2026\/04\/WhatsApp-Image-2026-04-09-at-22.24.04-1.jpeg","type":"image\/jpeg"}],"twitter_card":"summary_large_image","twitter_misc":{"Tahmini okuma s\u00fcresi":"1 dakika"},"schema":{"@context":"https:\/\/schema.org","@graph":[{"@type":"WebPage","@id":"https:\/\/baycenpackaging.com\/packing-solutions\/","url":"https:\/\/baycenpackaging.com\/packing-solutions\/","name":"Packing Solutions - baycenpackaging.com","isPartOf":{"@id":"https:\/\/baycenpackaging.com\/#website"},"primaryImageOfPage":{"@id":"https:\/\/baycenpackaging.com\/packing-solutions\/#primaryimage"},"image":{"@id":"https:\/\/baycenpackaging.com\/packing-solutions\/#primaryimage"},"thumbnailUrl":"https:\/\/baycenpackaging.com\/wp-content\/uploads\/2026\/04\/WhatsApp-Image-2026-04-09-at-22.24.04-1-1024x1024.jpeg","datePublished":"2025-12-29T20:17:32+00:00","dateModified":"2026-04-18T18:48:06+00:00","breadcrumb":{"@id":"https:\/\/baycenpackaging.com\/packing-solutions\/#breadcrumb"},"inLanguage":"tr","potentialAction":[{"@type":"ReadAction","target":["https:\/\/baycenpackaging.com\/packing-solutions\/"]}]},{"@type":"ImageObject","inLanguage":"tr","@id":"https:\/\/baycenpackaging.com\/packing-solutions\/#primaryimage","url":"https:\/\/baycenpackaging.com\/wp-content\/uploads\/2026\/04\/WhatsApp-Image-2026-04-09-at-22.24.04-1-1024x1024.jpeg","contentUrl":"https:\/\/baycenpackaging.com\/wp-content\/uploads\/2026\/04\/WhatsApp-Image-2026-04-09-at-22.24.04-1-1024x1024.jpeg"},{"@type":"BreadcrumbList","@id":"https:\/\/baycenpackaging.com\/packing-solutions\/#breadcrumb","itemListElement":[{"@type":"ListItem","position":1,"name":"Home","item":"https:\/\/baycenpackaging.com\/"},{"@type":"ListItem","position":2,"name":"Packing Solutions"}]},{"@type":"WebSite","@id":"https:\/\/baycenpackaging.com\/#website","url":"https:\/\/baycenpackaging.com\/","name":"baycenpackaging.com","description":"","potentialAction":[{"@type":"SearchAction","target":{"@type":"EntryPoint","urlTemplate":"https:\/\/baycenpackaging.com\/?s={search_term_string}"},"query-input":{"@type":"PropertyValueSpecification","valueRequired":true,"valueName":"search_term_string"}}],"inLanguage":"tr"}]}},"_hostinger_reach_plugin_has_subscription_block":false,"_hostinger_reach_plugin_is_elementor":false,"_links":{"self":[{"href":"https:\/\/baycenpackaging.com\/tr\/wp-json\/wp\/v2\/pages\/374","targetHints":{"allow":["GET"]}}],"collection":[{"href":"https:\/\/baycenpackaging.com\/tr\/wp-json\/wp\/v2\/pages"}],"about":[{"href":"https:\/\/baycenpackaging.com\/tr\/wp-json\/wp\/v2\/types\/page"}],"author":[{"embeddable":true,"href":"https:\/\/baycenpackaging.com\/tr\/wp-json\/wp\/v2\/users\/1"}],"replies":[{"embeddable":true,"href":"https:\/\/baycenpackaging.com\/tr\/wp-json\/wp\/v2\/comments?post=374"}],"version-history":[{"count":163,"href":"https:\/\/baycenpackaging.com\/tr\/wp-json\/wp\/v2\/pages\/374\/revisions"}],"predecessor-version":[{"id":2383,"href":"https:\/\/baycenpackaging.com\/tr\/wp-json\/wp\/v2\/pages\/374\/revisions\/2383"}],"wp:attachment":[{"href":"https:\/\/baycenpackaging.com\/tr\/wp-json\/wp\/v2\/media?parent=374"}],"curies":[{"name":"wp","href":"https:\/\/api.w.org\/{rel}","templated":true}]}}