{"id":305,"date":"2025-12-14T12:33:24","date_gmt":"2025-12-14T12:33:24","guid":{"rendered":"https:\/\/baycenpackaging.com\/?page_id=305"},"modified":"2026-04-18T18:52:53","modified_gmt":"2026-04-18T18:52:53","slug":"sustainability","status":"publish","type":"page","link":"https:\/\/baycenpackaging.com\/tr\/sustainability\/","title":{"rendered":"S\u00fcrd\u00fcr\u00fclebilirlik"},"content":{"rendered":"<div data-elementor-type=\"wp-page\" data-elementor-id=\"305\" class=\"elementor elementor-305\">\n\t\t\t\t<div class=\"elementor-element elementor-element-f1c153e e-flex e-con-boxed e-con e-parent\" data-id=\"f1c153e\" data-element_type=\"container\">\n\t\t\t\t\t<div class=\"e-con-inner\">\n\t\t\t\t<div class=\"elementor-element elementor-element-125c280 elementor-widget elementor-widget-heading\" data-id=\"125c280\" data-element_type=\"widget\" data-widget_type=\"heading.default\">\n\t\t\t\t\t<h1 class=\"elementor-heading-title elementor-size-default\">S\u00fcrd\u00fcr\u00fclebilirlik<\/h1>\t\t\t\t<\/div>\n\t\t\t\t<div class=\"elementor-element elementor-element-af657ef elementor-widget elementor-widget-text-editor\" data-id=\"af657ef\" data-element_type=\"widget\" data-widget_type=\"text-editor.default\">\n\t\t\t\t\t\t\t\t\t<p>\u00c7evreye duyarl\u0131 ambalajlama yakla\u015f\u0131m\u0131m\u0131z ve s\u00fcrd\u00fcr\u00fclebilir uygulamalar\u0131m\u0131z<\/p>\t\t\t\t\t\t\t\t<\/div>\n\t\t\t\t\t<\/div>\n\t\t\t\t<\/div>\n\t\t<div class=\"elementor-element elementor-element-99d0bc1 e-flex e-con-boxed e-con e-parent\" data-id=\"99d0bc1\" data-element_type=\"container\">\n\t\t\t\t\t<div class=\"e-con-inner\">\n\t\t\t\t<div class=\"elementor-element elementor-element-66bdc13 elementor-widget elementor-widget-heading\" data-id=\"66bdc13\" data-element_type=\"widget\" data-widget_type=\"heading.default\">\n\t\t\t\t\t<h2 class=\"elementor-heading-title elementor-size-default\">S\u00fcrd\u00fcr\u00fclebilirlik Yakla\u015f\u0131m\u0131m\u0131z\n<\/h2>\t\t\t\t<\/div>\n\t\t\t\t<div class=\"elementor-element elementor-element-49c2846 elementor-widget elementor-widget-text-editor\" data-id=\"49c2846\" data-element_type=\"widget\" data-widget_type=\"text-editor.default\">\n\t\t\t\t\t\t\t\t\t<p>Daha s\u00fcrd\u00fcr\u00fclebilir ambalaj \u00e7\u00f6z\u00fcmlerini desteklemek i\u00e7in sorumlu kaynak kullan\u0131m\u0131, verimli \u00fcretim s\u00fcre\u00e7leri ve uzun vadeli ortakl\u0131klara odaklan\u0131yoruz.<\/p>\t\t\t\t\t\t\t\t<\/div>\n\t\t\t\t\t<\/div>\n\t\t\t\t<\/div>\n\t\t<div class=\"elementor-element elementor-element-799cf27 e-flex e-con-boxed e-con e-parent\" data-id=\"799cf27\" data-element_type=\"container\">\n\t\t\t\t\t<div class=\"e-con-inner\">\n\t\t\t\t<div class=\"elementor-element elementor-element-f9e4705 elementor-widget elementor-widget-heading\" data-id=\"f9e4705\" data-element_type=\"widget\" data-widget_type=\"heading.default\">\n\t\t\t\t\t<h2 class=\"elementor-heading-title elementor-size-default\">Temel Odak Alanlar\u0131\n<\/h2>\t\t\t\t<\/div>\n\t\t\t\t\t<\/div>\n\t\t\t\t<\/div>\n\t\t<div class=\"elementor-element elementor-element-53ed77c e-flex e-con-boxed e-con e-parent\" data-id=\"53ed77c\" data-element_type=\"container\">\n\t\t\t\t\t<div class=\"e-con-inner\">\n\t\t<div class=\"elementor-element elementor-element-976a6d8 e-con-full e-flex e-con e-child\" data-id=\"976a6d8\" data-element_type=\"container\">\n\t\t\t\t<div class=\"elementor-element elementor-element-125b312 elementor-widget elementor-widget-heading\" data-id=\"125b312\" data-element_type=\"widget\" data-widget_type=\"heading.default\">\n\t\t\t\t\t<h3 class=\"elementor-heading-title elementor-size-default\">\u00c7evreye duyarl\u0131 malzemeler\n<\/h3>\t\t\t\t<\/div>\n\t\t\t\t<div class=\"elementor-element elementor-element-b26b060 elementor-widget elementor-widget-text-editor\" data-id=\"b26b060\" data-element_type=\"widget\" data-widget_type=\"text-editor.default\">\n\t\t\t\t\t\t\t\t\t<p>We prioritize the use of high-quality, responsible materials, including recyclable and FSC-certified paper options. Our goal is to help brands reduce their environmental impact while maintaining a premium look and feel.<\/p>\t\t\t\t\t\t\t\t<\/div>\n\t\t\t\t<\/div>\n\t\t<div class=\"elementor-element elementor-element-92931d1 e-con-full e-flex e-con e-child\" data-id=\"92931d1\" data-element_type=\"container\">\n\t\t\t\t<div class=\"elementor-element elementor-element-845c3c2 elementor-widget elementor-widget-heading\" data-id=\"845c3c2\" data-element_type=\"widget\" data-widget_type=\"heading.default\">\n\t\t\t\t\t<h3 class=\"elementor-heading-title elementor-size-default\">\u00dcretim Verimlili\u011fi\n<\/h3>\t\t\t\t<\/div>\n\t\t\t\t<div class=\"elementor-element elementor-element-70cc36c elementor-widget elementor-widget-text-editor\" data-id=\"70cc36c\" data-element_type=\"widget\" data-widget_type=\"text-editor.default\">\n\t\t\t\t\t\t\t\t\t<p>Our production process is optimized for efficiency and consistency, ensuring reliable lead times and stable quality. From sampling to bulk production, we manage every step with precision.<\/p>\t\t\t\t\t\t\t\t<\/div>\n\t\t\t\t<\/div>\n\t\t<div class=\"elementor-element elementor-element-0840f35 e-con-full e-flex e-con e-child\" data-id=\"0840f35\" data-element_type=\"container\">\n\t\t\t\t<div class=\"elementor-element elementor-element-9119263 elementor-widget elementor-widget-heading\" data-id=\"9119263\" data-element_type=\"widget\" data-widget_type=\"heading.default\">\n\t\t\t\t\t<h3 class=\"elementor-heading-title elementor-size-default\">At\u0131k Azaltma\n<\/h3>\t\t\t\t<\/div>\n\t\t\t\t<div class=\"elementor-element elementor-element-edac8ee elementor-widget elementor-widget-text-editor\" data-id=\"edac8ee\" data-element_type=\"widget\" data-widget_type=\"text-editor.default\">\n\t\t\t\t\t\t\t\t\t<p>We continuously improve our processes to minimize material waste and optimize resource usage. Smart design and efficient production help reduce unnecessary consumption.<\/p>\t\t\t\t\t\t\t\t<\/div>\n\t\t\t\t<\/div>\n\t\t<div class=\"elementor-element elementor-element-ee11dea e-con-full e-flex e-con e-child\" data-id=\"ee11dea\" data-element_type=\"container\">\n\t\t\t\t<div class=\"elementor-element elementor-element-b509ee4 elementor-widget elementor-widget-heading\" data-id=\"b509ee4\" data-element_type=\"widget\" data-widget_type=\"heading.default\">\n\t\t\t\t\t<h3 class=\"elementor-heading-title elementor-size-default\">Uzun Vadeli Ortakl\u0131klar\n<\/h3>\t\t\t\t<\/div>\n\t\t\t\t<div class=\"elementor-element elementor-element-7a40524 elementor-widget elementor-widget-text-editor\" data-id=\"7a40524\" data-element_type=\"widget\" data-widget_type=\"text-editor.default\">\n\t\t\t\t\t\t\t\t\t<p>We aim to build long-term partnerships with our clients by offering consistent quality, flexible production, and responsive communication throughout every project.<\/p>\t\t\t\t\t\t\t\t<\/div>\n\t\t\t\t<\/div>\n\t\t\t\t\t<\/div>\n\t\t\t\t<\/div>\n\t\t<div class=\"elementor-element elementor-element-288e1c8 e-flex e-con-boxed e-con e-parent\" data-id=\"288e1c8\" data-element_type=\"container\">\n\t\t\t\t\t<div class=\"e-con-inner\">\n\t\t<div class=\"elementor-element elementor-element-b490b07 e-con-full e-flex e-con e-child\" data-id=\"b490b07\" data-element_type=\"container\">\n\t\t\t\t<div class=\"elementor-element elementor-element-291455c elementor-widget elementor-widget-heading\" data-id=\"291455c\" data-element_type=\"widget\" data-widget_type=\"heading.default\">\n\t\t\t\t\t<h2 class=\"elementor-heading-title elementor-size-default\">\u00d6zel Ambalajlamada S\u00fcrd\u00fcr\u00fclebilirlik<\/h2>\t\t\t\t<\/div>\n\t\t\t\t<div class=\"elementor-element elementor-element-49fca74 elementor-widget elementor-widget-text-editor\" data-id=\"49fca74\" data-element_type=\"widget\" data-widget_type=\"text-editor.default\">\n\t\t\t\t\t\t\t\t\t<p>Malzeme se\u00e7imi, yap\u0131sal tasar\u0131m ve \u00fcretim planlamas\u0131 yoluyla s\u00fcrd\u00fcr\u00fclebilirlik hususlar\u0131n\u0131 \u00f6zel ambalajlamaya entegre ediyoruz.<\/p>\t\t\t\t\t\t\t\t<\/div>\n\t\t\t\t<\/div>\n\t\t<div class=\"elementor-element elementor-element-e9d3ef0 e-con-full e-flex e-con e-child\" data-id=\"e9d3ef0\" data-element_type=\"container\">\n\t\t\t\t<div class=\"elementor-element elementor-element-8228274 elementor-widget elementor-widget-text-editor\" data-id=\"8228274\" data-element_type=\"widget\" data-widget_type=\"text-editor.default\">\n\t\t\t\t\t\t\t\t\t<p>Yakla\u015f\u0131m\u0131m\u0131z, uzun vadeli ambalaj \u00e7\u00f6z\u00fcmlerini desteklemek i\u00e7in estetik, i\u015flevsellik ve sorumlu kaynak kullan\u0131m\u0131n\u0131 dengelemeye odaklanmaktad\u0131r.<\/p>\t\t\t\t\t\t\t\t<\/div>\n\t\t\t\t<\/div>\n\t\t\t\t\t<\/div>\n\t\t\t\t<\/div>\n\t\t<div class=\"elementor-element elementor-element-efe6023 e-flex e-con-boxed e-con e-parent\" data-id=\"efe6023\" data-element_type=\"container\">\n\t\t\t\t\t<div class=\"e-con-inner\">\n\t\t\t\t<div class=\"elementor-element elementor-element-a13ca1b elementor-widget elementor-widget-heading\" data-id=\"a13ca1b\" data-element_type=\"widget\" data-widget_type=\"heading.default\">\n\t\t\t\t\t<h2 class=\"elementor-heading-title elementor-size-default\">S\u00fcrd\u00fcr\u00fclebilir ambalaj \u00e7\u00f6z\u00fcmleri mi ar\u0131yorsunuz?<\/h2>\t\t\t\t<\/div>\n\t\t\t\t<div class=\"elementor-element elementor-element-2694588 elementor-widget elementor-widget-text-editor\" data-id=\"2694588\" data-element_type=\"widget\" data-widget_type=\"text-editor.default\">\n\t\t\t\t\t\t\t\t\t<p>S\u00fcrd\u00fcr\u00fclebilirlik hedeflerinizle uyumlu ambalaj se\u00e7eneklerini g\u00f6r\u00fc\u015fmek i\u00e7in bizimle ileti\u015fime ge\u00e7in.<\/p>\t\t\t\t\t\t\t\t<\/div>\n\t\t\t\t<div class=\"elementor-element elementor-element-6f2ac8c elementor-widget elementor-widget-button\" data-id=\"6f2ac8c\" data-element_type=\"widget\" data-widget_type=\"button.default\">\n\t\t\t\t\t\t\t\t\t\t<a class=\"elementor-button elementor-button-link elementor-size-sm elementor-animation-grow\" href=\"https:\/\/baycenpackaging.com\/tr\/contact-us\/\">\n\t\t\t\t\t\t<span class=\"elementor-button-content-wrapper\">\n\t\t\t\t\t\t\t\t\t<span class=\"elementor-button-text\">Bize Ula\u015f\u0131n<\/span>\n\t\t\t\t\t<\/span>\n\t\t\t\t\t<\/a>\n\t\t\t\t\t\t\t\t<\/div>\n\t\t\t\t\t<\/div>\n\t\t\t\t<\/div>\n\t\t\t\t<\/div>","protected":false},"excerpt":{"rendered":"<p>Sustainability Our approach to responsible packaging and sustainable practices. Our Sustainability Approach We focus on responsible sourcing, efficient production processes, [&hellip;]<\/p>","protected":false},"author":1,"featured_media":0,"parent":0,"menu_order":0,"comment_status":"closed","ping_status":"closed","template":"","meta":{"site-sidebar-layout":"no-sidebar","site-content-layout":"","ast-site-content-layout":"full-width-container","site-content-style":"default","site-sidebar-style":"default","ast-global-header-display":"","ast-banner-title-visibility":"","ast-main-header-display":"","ast-hfb-above-header-display":"","ast-hfb-below-header-display":"","ast-hfb-mobile-header-display":"","site-post-title":"disabled","ast-breadcrumbs-content":"","ast-featured-img":"disabled","footer-sml-layout":"","ast-disable-related-posts":"","theme-transparent-header-meta":"","adv-header-id-meta":"","stick-header-meta":"","header-above-stick-meta":"","header-main-stick-meta":"","header-below-stick-meta":"","astra-migrate-meta-layouts":"default","ast-page-background-enabled":"default","ast-page-background-meta":{"desktop":{"background-color":"var(--ast-global-color-5)","background-image":"","background-repeat":"repeat","background-position":"center center","background-size":"auto","background-attachment":"scroll","background-type":"","background-media":"","overlay-type":"","overlay-color":"","overlay-opacity":"","overlay-gradient":""},"tablet":{"background-color":"","background-image":"","background-repeat":"repeat","background-position":"center center","background-size":"auto","background-attachment":"scroll","background-type":"","background-media":"","overlay-type":"","overlay-color":"","overlay-opacity":"","overlay-gradient":""},"mobile":{"background-color":"","background-image":"","background-repeat":"repeat","background-position":"center center","background-size":"auto","background-attachment":"scroll","background-type":"","background-media":"","overlay-type":"","overlay-color":"","overlay-opacity":"","overlay-gradient":""}},"ast-content-background-meta":{"desktop":{"background-color":"var(--ast-global-color-4)","background-image":"","background-repeat":"repeat","background-position":"center center","background-size":"auto","background-attachment":"scroll","background-type":"","background-media":"","overlay-type":"","overlay-color":"","overlay-opacity":"","overlay-gradient":""},"tablet":{"background-color":"var(--ast-global-color-4)","background-image":"","background-repeat":"repeat","background-position":"center center","background-size":"auto","background-attachment":"scroll","background-type":"","background-media":"","overlay-type":"","overlay-color":"","overlay-opacity":"","overlay-gradient":""},"mobile":{"background-color":"var(--ast-global-color-4)","background-image":"","background-repeat":"repeat","background-position":"center center","background-size":"auto","background-attachment":"scroll","background-type":"","background-media":"","overlay-type":"","overlay-color":"","overlay-opacity":"","overlay-gradient":""}},"footnotes":""},"class_list":["post-305","page","type-page","status-publish","hentry"],"yoast_head":"<!-- This site is optimized with the Yoast SEO plugin v26.6 - https:\/\/yoast.com\/wordpress\/plugins\/seo\/ -->\n<title>Sustainability - baycenpackaging.com<\/title>\n<meta name=\"robots\" content=\"index, follow, max-snippet:-1, max-image-preview:large, max-video-preview:-1\" \/>\n<link rel=\"canonical\" href=\"https:\/\/baycenpackaging.com\/tr\/sustainability\/\" \/>\n<meta property=\"og:locale\" content=\"tr_TR\" \/>\n<meta property=\"og:type\" content=\"article\" \/>\n<meta property=\"og:title\" content=\"Sustainability - baycenpackaging.com\" \/>\n<meta property=\"og:description\" content=\"Sustainability Our approach to responsible packaging and sustainable practices. Our Sustainability Approach We focus on responsible sourcing, efficient production processes, [&hellip;]\" \/>\n<meta property=\"og:url\" content=\"https:\/\/baycenpackaging.com\/tr\/sustainability\/\" \/>\n<meta property=\"og:site_name\" content=\"baycenpackaging.com\" \/>\n<meta property=\"article:modified_time\" content=\"2026-04-18T18:52:53+00:00\" \/>\n<meta name=\"twitter:card\" content=\"summary_large_image\" \/>\n<meta name=\"twitter:label1\" content=\"Tahmini okuma s\u00fcresi\" \/>\n\t<meta name=\"twitter:data1\" content=\"2 dakika\" \/>\n<script type=\"application\/ld+json\" class=\"yoast-schema-graph\">{\"@context\":\"https:\/\/schema.org\",\"@graph\":[{\"@type\":\"WebPage\",\"@id\":\"https:\/\/baycenpackaging.com\/sustainability\/\",\"url\":\"https:\/\/baycenpackaging.com\/sustainability\/\",\"name\":\"Sustainability - baycenpackaging.com\",\"isPartOf\":{\"@id\":\"https:\/\/baycenpackaging.com\/#website\"},\"datePublished\":\"2025-12-14T12:33:24+00:00\",\"dateModified\":\"2026-04-18T18:52:53+00:00\",\"breadcrumb\":{\"@id\":\"https:\/\/baycenpackaging.com\/sustainability\/#breadcrumb\"},\"inLanguage\":\"tr\",\"potentialAction\":[{\"@type\":\"ReadAction\",\"target\":[\"https:\/\/baycenpackaging.com\/sustainability\/\"]}]},{\"@type\":\"BreadcrumbList\",\"@id\":\"https:\/\/baycenpackaging.com\/sustainability\/#breadcrumb\",\"itemListElement\":[{\"@type\":\"ListItem\",\"position\":1,\"name\":\"Home\",\"item\":\"https:\/\/baycenpackaging.com\/\"},{\"@type\":\"ListItem\",\"position\":2,\"name\":\"Sustainability\"}]},{\"@type\":\"WebSite\",\"@id\":\"https:\/\/baycenpackaging.com\/#website\",\"url\":\"https:\/\/baycenpackaging.com\/\",\"name\":\"baycenpackaging.com\",\"description\":\"\",\"potentialAction\":[{\"@type\":\"SearchAction\",\"target\":{\"@type\":\"EntryPoint\",\"urlTemplate\":\"https:\/\/baycenpackaging.com\/?s={search_term_string}\"},\"query-input\":{\"@type\":\"PropertyValueSpecification\",\"valueRequired\":true,\"valueName\":\"search_term_string\"}}],\"inLanguage\":\"tr\"}]}<\/script>\n<!-- \/ Yoast SEO plugin. -->","yoast_head_json":{"title":"Sustainability - baycenpackaging.com","robots":{"index":"index","follow":"follow","max-snippet":"max-snippet:-1","max-image-preview":"max-image-preview:large","max-video-preview":"max-video-preview:-1"},"canonical":"https:\/\/baycenpackaging.com\/tr\/sustainability\/","og_locale":"tr_TR","og_type":"article","og_title":"Sustainability - baycenpackaging.com","og_description":"Sustainability Our approach to responsible packaging and sustainable practices. Our Sustainability Approach We focus on responsible sourcing, efficient production processes, [&hellip;]","og_url":"https:\/\/baycenpackaging.com\/tr\/sustainability\/","og_site_name":"baycenpackaging.com","article_modified_time":"2026-04-18T18:52:53+00:00","twitter_card":"summary_large_image","twitter_misc":{"Tahmini okuma s\u00fcresi":"2 dakika"},"schema":{"@context":"https:\/\/schema.org","@graph":[{"@type":"WebPage","@id":"https:\/\/baycenpackaging.com\/sustainability\/","url":"https:\/\/baycenpackaging.com\/sustainability\/","name":"Sustainability - baycenpackaging.com","isPartOf":{"@id":"https:\/\/baycenpackaging.com\/#website"},"datePublished":"2025-12-14T12:33:24+00:00","dateModified":"2026-04-18T18:52:53+00:00","breadcrumb":{"@id":"https:\/\/baycenpackaging.com\/sustainability\/#breadcrumb"},"inLanguage":"tr","potentialAction":[{"@type":"ReadAction","target":["https:\/\/baycenpackaging.com\/sustainability\/"]}]},{"@type":"BreadcrumbList","@id":"https:\/\/baycenpackaging.com\/sustainability\/#breadcrumb","itemListElement":[{"@type":"ListItem","position":1,"name":"Home","item":"https:\/\/baycenpackaging.com\/"},{"@type":"ListItem","position":2,"name":"Sustainability"}]},{"@type":"WebSite","@id":"https:\/\/baycenpackaging.com\/#website","url":"https:\/\/baycenpackaging.com\/","name":"baycenpackaging.com","description":"","potentialAction":[{"@type":"SearchAction","target":{"@type":"EntryPoint","urlTemplate":"https:\/\/baycenpackaging.com\/?s={search_term_string}"},"query-input":{"@type":"PropertyValueSpecification","valueRequired":true,"valueName":"search_term_string"}}],"inLanguage":"tr"}]}},"_hostinger_reach_plugin_has_subscription_block":false,"_hostinger_reach_plugin_is_elementor":false,"_links":{"self":[{"href":"https:\/\/baycenpackaging.com\/tr\/wp-json\/wp\/v2\/pages\/305","targetHints":{"allow":["GET"]}}],"collection":[{"href":"https:\/\/baycenpackaging.com\/tr\/wp-json\/wp\/v2\/pages"}],"about":[{"href":"https:\/\/baycenpackaging.com\/tr\/wp-json\/wp\/v2\/types\/page"}],"author":[{"embeddable":true,"href":"https:\/\/baycenpackaging.com\/tr\/wp-json\/wp\/v2\/users\/1"}],"replies":[{"embeddable":true,"href":"https:\/\/baycenpackaging.com\/tr\/wp-json\/wp\/v2\/comments?post=305"}],"version-history":[{"count":28,"href":"https:\/\/baycenpackaging.com\/tr\/wp-json\/wp\/v2\/pages\/305\/revisions"}],"predecessor-version":[{"id":2386,"href":"https:\/\/baycenpackaging.com\/tr\/wp-json\/wp\/v2\/pages\/305\/revisions\/2386"}],"wp:attachment":[{"href":"https:\/\/baycenpackaging.com\/tr\/wp-json\/wp\/v2\/media?parent=305"}],"curies":[{"name":"wp","href":"https:\/\/api.w.org\/{rel}","templated":true}]}}