{"id":257,"date":"2025-12-08T19:27:39","date_gmt":"2025-12-08T19:27:39","guid":{"rendered":"https:\/\/baycenpackaging.com\/?page_id=257"},"modified":"2026-04-17T21:34:54","modified_gmt":"2026-04-17T21:34:54","slug":"about-us","status":"publish","type":"page","link":"https:\/\/baycenpackaging.com\/tr\/about-us\/","title":{"rendered":"Hakk\u0131m\u0131zda"},"content":{"rendered":"<div data-elementor-type=\"wp-page\" data-elementor-id=\"257\" class=\"elementor elementor-257\">\n\t\t\t\t<div class=\"elementor-element elementor-element-ab1d210 e-flex e-con-boxed e-con e-parent\" data-id=\"ab1d210\" data-element_type=\"container\">\n\t\t\t\t\t<div class=\"e-con-inner\">\n\t\t\t\t<div class=\"elementor-element elementor-element-604a8f8 elementor-widget elementor-widget-heading\" data-id=\"604a8f8\" data-element_type=\"widget\" data-widget_type=\"heading.default\">\n\t\t\t\t\t<h1 class=\"elementor-heading-title elementor-size-default\">Baycen Packaging Hakk\u0131nda<\/h1>\t\t\t\t<\/div>\n\t\t\t\t<div class=\"elementor-element elementor-element-3c3c2aa elementor-widget elementor-widget-text-editor\" data-id=\"3c3c2aa\" data-element_type=\"widget\" data-widget_type=\"text-editor.default\">\n\t\t\t\t\t\t\t\t\t<p>Premium malzemeler, yap\u0131sal uzmanl\u0131k ve g\u00fcvenilir k\u00fcresel destek ile markan\u0131z\u0131 bir \u00fcst seviyeye ta\u015f\u0131yacak \u00f6zel ambalaj \u00e7\u00f6z\u00fcmleri sunuyoruz.<\/p>\t\t\t\t\t\t\t\t<\/div>\n\t\t\t\t\t<\/div>\n\t\t\t\t<\/div>\n\t\t<div class=\"elementor-element elementor-element-5153128 e-flex e-con-boxed e-con e-parent\" data-id=\"5153128\" data-element_type=\"container\">\n\t\t\t\t\t<div class=\"e-con-inner\">\n\t\t<div class=\"elementor-element elementor-element-c98593d e-con-full e-flex e-con e-child\" data-id=\"c98593d\" data-element_type=\"container\">\n\t\t\t\t<div class=\"elementor-element elementor-element-0918f07 elementor-widget elementor-widget-heading\" data-id=\"0918f07\" data-element_type=\"widget\" data-widget_type=\"heading.default\">\n\t\t\t\t\t<h2 class=\"elementor-heading-title elementor-size-default\">Biz Kimiz<\/h2>\t\t\t\t<\/div>\n\t\t\t\t<div class=\"elementor-element elementor-element-72e3014 elementor-widget elementor-widget-text-editor\" data-id=\"72e3014\" data-element_type=\"widget\" data-widget_type=\"text-editor.default\">\n\t\t\t\t\t\t\t\t\t<p>Baycen Packaging, d\u00fcnya \u00e7ap\u0131ndaki markalar i\u00e7in y\u00fcksek kaliteli sert kutular ve \u00f6zel ambalaj \u00e7\u00f6z\u00fcmleri sunan uzmanla\u015fm\u0131\u015f bir ambalaj tedarik\u00e7isidir.<\/p><p>T\u00fcrkiye merkezli olarak, \u00f6zenle se\u00e7ilmi\u015f \u00fcretim ortaklar\u0131ndan olu\u015fan bir a\u011f ile i\u015f birli\u011fi yap\u0131yoruz; bu sayede m\u00fc\u015fterilerimize esnek \u00fcretim kapasitesi, rekabet\u00e7i fiyatlar ve s\u00fcrekli y\u00fcksek kalite sunuyoruz.<\/p><p>Bizim rol\u00fcm\u00fcz, t\u00fcm s\u00fcreci sizin ad\u0131n\u0131za y\u00f6netmek: yap\u0131sal tasar\u0131m, numune geli\u015ftirme, \u00fcretim takibi ve uluslararas\u0131 lojistik. Her \u00f6l\u00e7ekteki i\u015fletme i\u00e7in \u00f6zel ambalajlamay\u0131 basit, g\u00fcvenilir ve verimli hale getiriyoruz.<\/p>\t\t\t\t\t\t\t\t<\/div>\n\t\t\t\t<\/div>\n\t\t<div class=\"elementor-element elementor-element-3d38a74 e-con-full e-flex e-con e-child\" data-id=\"3d38a74\" data-element_type=\"container\">\n\t\t\t\t<div class=\"elementor-element elementor-element-421ec3e elementor-widget elementor-widget-image\" data-id=\"421ec3e\" data-element_type=\"widget\" data-widget_type=\"image.default\">\n\t\t\t\t\t\t\t\t\t\t\t\t\t\t\t<img decoding=\"async\" src=\"https:\/\/baycenpackaging.com\/wp-content\/plugins\/elementor\/assets\/images\/placeholder.png\" title=\"\" alt=\"\" loading=\"lazy\" \/>\t\t\t\t\t\t\t\t\t\t\t\t\t\t\t<\/div>\n\t\t\t\t<\/div>\n\t\t\t\t\t<\/div>\n\t\t\t\t<\/div>\n\t\t<div class=\"elementor-element elementor-element-165deb8 e-flex e-con-boxed e-con e-parent\" data-id=\"165deb8\" data-element_type=\"container\">\n\t\t\t\t\t<div class=\"e-con-inner\">\n\t\t\t\t<div class=\"elementor-element elementor-element-67cba08 elementor-widget elementor-widget-heading\" data-id=\"67cba08\" data-element_type=\"widget\" data-widget_type=\"heading.default\">\n\t\t\t\t\t<h3 class=\"elementor-heading-title elementor-size-default\">Misyonumuz &amp; Vizyonumuz<\/h3>\t\t\t\t<\/div>\n\t\t\t\t\t<\/div>\n\t\t\t\t<\/div>\n\t\t<div class=\"elementor-element elementor-element-28c84d1 e-flex e-con-boxed e-con e-parent\" data-id=\"28c84d1\" data-element_type=\"container\">\n\t\t\t\t\t<div class=\"e-con-inner\">\n\t\t<div class=\"elementor-element elementor-element-c24dc9f e-con-full e-flex e-con e-child\" data-id=\"c24dc9f\" data-element_type=\"container\">\n\t\t\t\t<div class=\"elementor-element elementor-element-b079934 elementor-widget elementor-widget-heading\" data-id=\"b079934\" data-element_type=\"widget\" data-widget_type=\"heading.default\">\n\t\t\t\t\t<h4 class=\"elementor-heading-title elementor-size-default\">Misyon<\/h4>\t\t\t\t<\/div>\n\t\t\t\t<div class=\"elementor-element elementor-element-4dbedd9 elementor-widget elementor-widget-text-editor\" data-id=\"4dbedd9\" data-element_type=\"widget\" data-widget_type=\"text-editor.default\">\n\t\t\t\t\t\t\t\t\t<p>Markalara g\u00fcvenilir, y\u00fcksek kaliteli ambalaj \u00e7\u00f6z\u00fcmleri sunmak i\u00e7in, \u00fcretimi g\u00fcvenilir ortaklar arac\u0131l\u0131\u011f\u0131yla y\u00f6netmek, \u015feffaf ileti\u015fimi, rekabet\u00e7i fiyatland\u0131rmay\u0131 ve sorunsuz proje uygulamas\u0131n\u0131 sa\u011flamak.<\/p>\t\t\t\t\t\t\t\t<\/div>\n\t\t\t\t<\/div>\n\t\t<div class=\"elementor-element elementor-element-723e7f3 e-con-full e-flex e-con e-child\" data-id=\"723e7f3\" data-element_type=\"container\">\n\t\t\t\t<div class=\"elementor-element elementor-element-af34984 elementor-widget elementor-widget-heading\" data-id=\"af34984\" data-element_type=\"widget\" data-widget_type=\"heading.default\">\n\t\t\t\t\t<h4 class=\"elementor-heading-title elementor-size-default\">Vizyon<\/h4>\t\t\t\t<\/div>\n\t\t\t\t<div class=\"elementor-element elementor-element-0584e0b elementor-widget elementor-widget-text-editor\" data-id=\"0584e0b\" data-element_type=\"widget\" data-widget_type=\"text-editor.default\">\n\t\t\t\t\t\t\t\t\t<p>Esnekli\u011fi, tutarl\u0131l\u0131\u011f\u0131 ve uzun vadeli m\u00fc\u015fteri ili\u015fkileriyle tan\u0131nan k\u00fcresel bir ambalaj orta\u011f\u0131 olmak; markalar\u0131n b\u00fcy\u00fcme ve \u00f6l\u00e7eklendirme s\u00fcre\u00e7lerinde ambalaj ihtiya\u00e7lar\u0131n\u0131 desteklemek.<\/p>\t\t\t\t\t\t\t\t<\/div>\n\t\t\t\t<\/div>\n\t\t\t\t\t<\/div>\n\t\t\t\t<\/div>\n\t\t<div class=\"elementor-element elementor-element-96788fd e-flex e-con-boxed e-con e-parent\" data-id=\"96788fd\" data-element_type=\"container\">\n\t\t\t\t\t<div class=\"e-con-inner\">\n\t\t\t\t<div class=\"elementor-element elementor-element-fba7752 elementor-widget elementor-widget-heading\" data-id=\"fba7752\" data-element_type=\"widget\" data-widget_type=\"heading.default\">\n\t\t\t\t\t<h3 class=\"elementor-heading-title elementor-size-default\">Temel De\u011ferlerimiz<\/h3>\t\t\t\t<\/div>\n\t\t\t\t\t<\/div>\n\t\t\t\t<\/div>\n\t\t<div class=\"elementor-element elementor-element-9eecb5c e-flex e-con-boxed e-con e-parent\" data-id=\"9eecb5c\" data-element_type=\"container\">\n\t\t\t\t\t<div class=\"e-con-inner\">\n\t\t<div class=\"elementor-element elementor-element-e129f57 e-con-full e-flex e-con e-child\" data-id=\"e129f57\" data-element_type=\"container\">\n\t\t\t\t<div class=\"elementor-element elementor-element-ad4b37f elementor-widget elementor-widget-heading\" data-id=\"ad4b37f\" data-element_type=\"widget\" data-widget_type=\"heading.default\">\n\t\t\t\t\t<h4 class=\"elementor-heading-title elementor-size-default\">G\u00fcvenilirlik<\/h4>\t\t\t\t<\/div>\n\t\t\t\t<div class=\"elementor-element elementor-element-e5fae66 elementor-widget elementor-widget-text-editor\" data-id=\"e5fae66\" data-element_type=\"widget\" data-widget_type=\"text-editor.default\">\n\t\t\t\t\t\t\t\t\t<p>Projenin her a\u015famas\u0131nda net ileti\u015fim, \u015feffaf g\u00fcncellemeler ve zaman\u0131nda teslimat sa\u011fl\u0131yoruz.<\/p>\t\t\t\t\t\t\t\t<\/div>\n\t\t\t\t<\/div>\n\t\t<div class=\"elementor-element elementor-element-b09f5b9 e-con-full e-flex e-con e-child\" data-id=\"b09f5b9\" data-element_type=\"container\">\n\t\t\t\t<div class=\"elementor-element elementor-element-0ff2331 elementor-widget elementor-widget-heading\" data-id=\"0ff2331\" data-element_type=\"widget\" data-widget_type=\"heading.default\">\n\t\t\t\t\t<h4 class=\"elementor-heading-title elementor-size-default\">Kalite<\/h4>\t\t\t\t<\/div>\n\t\t\t\t<div class=\"elementor-element elementor-element-25161e5 elementor-widget elementor-widget-text-editor\" data-id=\"25161e5\" data-element_type=\"widget\" data-widget_type=\"text-editor.default\">\n\t\t\t\t\t\t\t\t\t<p>Yaln\u0131zca \u00fcretim ve son i\u015flem standartlar\u0131n\u0131 s\u0131k\u0131 takip eden g\u00fcvenilir imalat ortaklar\u0131yla \u00e7al\u0131\u015f\u0131yoruz.<\/p>\t\t\t\t\t\t\t\t<\/div>\n\t\t\t\t<\/div>\n\t\t<div class=\"elementor-element elementor-element-2ffaa0f e-con-full e-flex e-con e-child\" data-id=\"2ffaa0f\" data-element_type=\"container\">\n\t\t\t\t<div class=\"elementor-element elementor-element-c667287 elementor-widget elementor-widget-heading\" data-id=\"c667287\" data-element_type=\"widget\" data-widget_type=\"heading.default\">\n\t\t\t\t\t<h4 class=\"elementor-heading-title elementor-size-default\">Esneklik<\/h4>\t\t\t\t<\/div>\n\t\t\t\t<div class=\"elementor-element elementor-element-c990432 elementor-widget elementor-widget-text-editor\" data-id=\"c990432\" data-element_type=\"widget\" data-widget_type=\"text-editor.default\">\n\t\t\t\t\t\t\t\t\t<p>Markan\u0131z\u0131n ihtiya\u00e7lar\u0131na uygun \u00e7ok say\u0131da malzeme, yap\u0131 ve \u00f6zelle\u015ftirme se\u00e7ene\u011fi sunarak gereksinimlerinize uyum sa\u011fl\u0131yoruz.<\/p>\t\t\t\t\t\t\t\t<\/div>\n\t\t\t\t<\/div>\n\t\t<div class=\"elementor-element elementor-element-9203541 e-con-full e-flex e-con e-child\" data-id=\"9203541\" data-element_type=\"container\">\n\t\t\t\t<div class=\"elementor-element elementor-element-93e9fae elementor-widget elementor-widget-heading\" data-id=\"93e9fae\" data-element_type=\"widget\" data-widget_type=\"heading.default\">\n\t\t\t\t\t<h4 class=\"elementor-heading-title elementor-size-default\">Uzun Vadeli Ortakl\u0131k<\/h4>\t\t\t\t<\/div>\n\t\t\t\t<div class=\"elementor-element elementor-element-b6d3589 elementor-widget elementor-widget-text-editor\" data-id=\"b6d3589\" data-element_type=\"widget\" data-widget_type=\"text-editor.default\">\n\t\t\t\t\t\t\t\t\t<p>Markan\u0131z b\u00fcy\u00fcd\u00fck\u00e7e ambalaj ihtiya\u00e7lar\u0131n\u0131z\u0131 destekleyerek s\u00fcrekli ili\u015fkiler kurmay\u0131 hedefliyoruz.<\/p>\t\t\t\t\t\t\t\t<\/div>\n\t\t\t\t<\/div>\n\t\t\t\t\t<\/div>\n\t\t\t\t<\/div>\n\t\t<div class=\"elementor-element elementor-element-289e396 e-flex e-con-boxed e-con e-parent\" data-id=\"289e396\" data-element_type=\"container\">\n\t\t\t\t\t<div class=\"e-con-inner\">\n\t\t\t\t<div class=\"elementor-element elementor-element-8eed627 elementor-widget elementor-widget-heading\" data-id=\"8eed627\" data-element_type=\"widget\" data-widget_type=\"heading.default\">\n\t\t\t\t\t<h3 class=\"elementor-heading-title elementor-size-default\">Neden Baycen Packaging'i Se\u00e7melisiniz?<\/h3>\t\t\t\t<\/div>\n\t\t\t\t\t<\/div>\n\t\t\t\t<\/div>\n\t\t<div class=\"elementor-element elementor-element-f390109 e-flex e-con-boxed e-con e-parent\" data-id=\"f390109\" data-element_type=\"container\">\n\t\t\t\t\t<div class=\"e-con-inner\">\n\t\t<div class=\"elementor-element elementor-element-c2f3c36 e-con-full e-flex e-con e-child\" data-id=\"c2f3c36\" data-element_type=\"container\">\n\t\t\t\t<div class=\"elementor-element elementor-element-3f58e44 elementor-widget elementor-widget-heading\" data-id=\"3f58e44\" data-element_type=\"widget\" data-widget_type=\"heading.default\">\n\t\t\t\t\t<h4 class=\"elementor-heading-title elementor-size-default\">Deneyimli Koordinasyon<\/h4>\t\t\t\t<\/div>\n\t\t\t\t<div class=\"elementor-element elementor-element-be865ef elementor-widget elementor-widget-text-editor\" data-id=\"be865ef\" data-element_type=\"widget\" data-widget_type=\"text-editor.default\">\n\t\t\t\t\t\t\t\t\t<p>Fiyat teklifi ve numune al\u0131m\u0131ndan \u00fcretim takibi ve lojisti\u011fe kadar t\u00fcm s\u00fcreci y\u00f6neterek size sorunsuz ve stressiz bir deneyim sunuyoruz.<\/p>\t\t\t\t\t\t\t\t<\/div>\n\t\t\t\t<\/div>\n\t\t<div class=\"elementor-element elementor-element-4d32e7d e-con-full e-flex e-con e-child\" data-id=\"4d32e7d\" data-element_type=\"container\">\n\t\t\t\t<div class=\"elementor-element elementor-element-7075059 elementor-widget elementor-widget-heading\" data-id=\"7075059\" data-element_type=\"widget\" data-widget_type=\"heading.default\">\n\t\t\t\t\t<h4 class=\"elementor-heading-title elementor-size-default\">K\u00fcresel Nakliye Uzmanl\u0131\u011f\u0131<\/h4>\t\t\t\t<\/div>\n\t\t\t\t<div class=\"elementor-element elementor-element-b0781f1 elementor-widget elementor-widget-text-editor\" data-id=\"b0781f1\" data-element_type=\"widget\" data-widget_type=\"text-editor.default\">\n\t\t\t\t\t\t\t\t\t<p>Hava, deniz, ekspres kurye veya tercih etti\u011finiz nakliye \u015firketi arac\u0131l\u0131\u011f\u0131yla d\u00fcnya \u00e7ap\u0131nda teslimatlara yard\u0131mc\u0131 oluyoruz. Amac\u0131m\u0131z uluslararas\u0131 lojisti\u011fi basit ve g\u00fcvenilir hale getirmektir.<\/p>\t\t\t\t\t\t\t\t<\/div>\n\t\t\t\t<\/div>\n\t\t<div class=\"elementor-element elementor-element-817f17b e-con-full e-flex e-con e-child\" data-id=\"817f17b\" data-element_type=\"container\">\n\t\t\t\t<div class=\"elementor-element elementor-element-5d02ab6 elementor-widget elementor-widget-heading\" data-id=\"5d02ab6\" data-element_type=\"widget\" data-widget_type=\"heading.default\">\n\t\t\t\t\t<h4 class=\"elementor-heading-title elementor-size-default\">Premium \u00d6zelle\u015ftirme<\/h4>\t\t\t\t<\/div>\n\t\t\t\t<div class=\"elementor-element elementor-element-b0bbf4d elementor-widget elementor-widget-text-editor\" data-id=\"b0bbf4d\" data-element_type=\"widget\" data-widget_type=\"text-editor.default\">\n\t\t\t\t\t\t\t\t\t<p>Marka kimli\u011finize uygun tamamen \u00f6zelle\u015ftirilmi\u015f ambalajlar olu\u015fturmak i\u00e7in \u00e7ok \u00e7e\u015fitli malzemeler, ka\u011f\u0131tlar, sonland\u0131rma se\u00e7enekleri ve yap\u0131sal tasar\u0131mlar sunuyoruz.<\/p>\t\t\t\t\t\t\t\t<\/div>\n\t\t\t\t<\/div>\n\t\t\t\t\t<\/div>\n\t\t\t\t<\/div>\n\t\t<div class=\"elementor-element elementor-element-e1fef43 e-flex e-con-boxed e-con e-parent\" data-id=\"e1fef43\" data-element_type=\"container\">\n\t\t\t\t\t<div class=\"e-con-inner\">\n\t\t\t\t<div class=\"elementor-element elementor-element-2f15e68 elementor-widget elementor-widget-heading\" data-id=\"2f15e68\" data-element_type=\"widget\" data-widget_type=\"heading.default\">\n\t\t\t\t\t<h2 class=\"elementor-heading-title elementor-size-default\">\u00d6zel ambalaj projenize ba\u015flamaya haz\u0131r m\u0131s\u0131n\u0131z?<\/h2>\t\t\t\t<\/div>\n\t\t\t\t<div class=\"elementor-element elementor-element-185e579 elementor-widget elementor-widget-text-editor\" data-id=\"185e579\" data-element_type=\"widget\" data-settings=\"{&quot;_animation&quot;:&quot;none&quot;}\" data-widget_type=\"text-editor.default\">\n\t\t\t\t\t\t\t\t\t<p>Ambalaj ihtiya\u00e7lar\u0131n\u0131z\u0131 g\u00f6r\u00fc\u015fmek, fiyat teklifi istemek veya markan\u0131za \u00f6zel \u00e7\u00f6z\u00fcmleri ke\u015ffetmek i\u00e7in bizimle ileti\u015fime ge\u00e7in.<\/p>\t\t\t\t\t\t\t\t<\/div>\n\t\t\t\t<div class=\"elementor-element elementor-element-aa7c394 elementor-widget elementor-widget-button\" data-id=\"aa7c394\" data-element_type=\"widget\" data-widget_type=\"button.default\">\n\t\t\t\t\t\t\t\t\t\t<a class=\"elementor-button elementor-button-link elementor-size-sm elementor-animation-grow\" href=\"https:\/\/baycenpackaging.com\/tr\/contact-us\/\">\n\t\t\t\t\t\t<span class=\"elementor-button-content-wrapper\">\n\t\t\t\t\t\t\t\t\t<span class=\"elementor-button-text\">Request Quote<\/span>\n\t\t\t\t\t<\/span>\n\t\t\t\t\t<\/a>\n\t\t\t\t\t\t\t\t<\/div>\n\t\t\t\t\t<\/div>\n\t\t\t\t<\/div>\n\t\t\t\t<\/div>","protected":false},"excerpt":{"rendered":"<p>About Baycen Packaging We provide custom packaging solutions designed to elevate your brand with premium materials, structural expertise, and reliable [&hellip;]<\/p>","protected":false},"author":1,"featured_media":0,"parent":0,"menu_order":0,"comment_status":"closed","ping_status":"closed","template":"","meta":{"site-sidebar-layout":"no-sidebar","site-content-layout":"","ast-site-content-layout":"full-width-container","site-content-style":"default","site-sidebar-style":"default","ast-global-header-display":"","ast-banner-title-visibility":"","ast-main-header-display":"","ast-hfb-above-header-display":"","ast-hfb-below-header-display":"","ast-hfb-mobile-header-display":"","site-post-title":"disabled","ast-breadcrumbs-content":"","ast-featured-img":"disabled","footer-sml-layout":"","ast-disable-related-posts":"","theme-transparent-header-meta":"","adv-header-id-meta":"","stick-header-meta":"","header-above-stick-meta":"","header-main-stick-meta":"","header-below-stick-meta":"","astra-migrate-meta-layouts":"default","ast-page-background-enabled":"default","ast-page-background-meta":{"desktop":{"background-color":"var(--ast-global-color-5)","background-image":"","background-repeat":"repeat","background-position":"center center","background-size":"auto","background-attachment":"scroll","background-type":"","background-media":"","overlay-type":"","overlay-color":"","overlay-opacity":"","overlay-gradient":""},"tablet":{"background-color":"","background-image":"","background-repeat":"repeat","background-position":"center center","background-size":"auto","background-attachment":"scroll","background-type":"","background-media":"","overlay-type":"","overlay-color":"","overlay-opacity":"","overlay-gradient":""},"mobile":{"background-color":"","background-image":"","background-repeat":"repeat","background-position":"center center","background-size":"auto","background-attachment":"scroll","background-type":"","background-media":"","overlay-type":"","overlay-color":"","overlay-opacity":"","overlay-gradient":""}},"ast-content-background-meta":{"desktop":{"background-color":"var(--ast-global-color-4)","background-image":"","background-repeat":"repeat","background-position":"center center","background-size":"auto","background-attachment":"scroll","background-type":"","background-media":"","overlay-type":"","overlay-color":"","overlay-opacity":"","overlay-gradient":""},"tablet":{"background-color":"var(--ast-global-color-4)","background-image":"","background-repeat":"repeat","background-position":"center center","background-size":"auto","background-attachment":"scroll","background-type":"","background-media":"","overlay-type":"","overlay-color":"","overlay-opacity":"","overlay-gradient":""},"mobile":{"background-color":"var(--ast-global-color-4)","background-image":"","background-repeat":"repeat","background-position":"center center","background-size":"auto","background-attachment":"scroll","background-type":"","background-media":"","overlay-type":"","overlay-color":"","overlay-opacity":"","overlay-gradient":""}},"footnotes":""},"class_list":["post-257","page","type-page","status-publish","hentry"],"yoast_head":"<!-- This site is optimized with the Yoast SEO plugin v26.6 - https:\/\/yoast.com\/wordpress\/plugins\/seo\/ -->\n<title>About Us - baycenpackaging.com<\/title>\n<meta name=\"robots\" content=\"index, follow, max-snippet:-1, max-image-preview:large, max-video-preview:-1\" \/>\n<link rel=\"canonical\" href=\"https:\/\/baycenpackaging.com\/tr\/about-us\/\" \/>\n<meta property=\"og:locale\" content=\"tr_TR\" \/>\n<meta property=\"og:type\" content=\"article\" \/>\n<meta property=\"og:title\" content=\"About Us - baycenpackaging.com\" \/>\n<meta property=\"og:description\" content=\"About Baycen Packaging We provide custom packaging solutions designed to elevate your brand with premium materials, structural expertise, and reliable [&hellip;]\" \/>\n<meta property=\"og:url\" content=\"https:\/\/baycenpackaging.com\/tr\/about-us\/\" \/>\n<meta property=\"og:site_name\" content=\"baycenpackaging.com\" \/>\n<meta property=\"article:modified_time\" content=\"2026-04-17T21:34:54+00:00\" \/>\n<meta property=\"og:image\" content=\"https:\/\/baycenpackaging.com\/wp-content\/plugins\/elementor\/assets\/images\/placeholder.png\" \/>\n<meta name=\"twitter:card\" content=\"summary_large_image\" \/>\n<meta name=\"twitter:label1\" content=\"Tahmini okuma s\u00fcresi\" \/>\n\t<meta name=\"twitter:data1\" content=\"2 dakika\" \/>\n<script type=\"application\/ld+json\" class=\"yoast-schema-graph\">{\"@context\":\"https:\/\/schema.org\",\"@graph\":[{\"@type\":\"WebPage\",\"@id\":\"https:\/\/baycenpackaging.com\/about-us\/\",\"url\":\"https:\/\/baycenpackaging.com\/about-us\/\",\"name\":\"About Us - baycenpackaging.com\",\"isPartOf\":{\"@id\":\"https:\/\/baycenpackaging.com\/#website\"},\"primaryImageOfPage\":{\"@id\":\"https:\/\/baycenpackaging.com\/about-us\/#primaryimage\"},\"image\":{\"@id\":\"https:\/\/baycenpackaging.com\/about-us\/#primaryimage\"},\"thumbnailUrl\":\"https:\/\/baycenpackaging.com\/wp-content\/plugins\/elementor\/assets\/images\/placeholder.png\",\"datePublished\":\"2025-12-08T19:27:39+00:00\",\"dateModified\":\"2026-04-17T21:34:54+00:00\",\"breadcrumb\":{\"@id\":\"https:\/\/baycenpackaging.com\/about-us\/#breadcrumb\"},\"inLanguage\":\"tr\",\"potentialAction\":[{\"@type\":\"ReadAction\",\"target\":[\"https:\/\/baycenpackaging.com\/about-us\/\"]}]},{\"@type\":\"ImageObject\",\"inLanguage\":\"tr\",\"@id\":\"https:\/\/baycenpackaging.com\/about-us\/#primaryimage\",\"url\":\"https:\/\/baycenpackaging.com\/wp-content\/plugins\/elementor\/assets\/images\/placeholder.png\",\"contentUrl\":\"https:\/\/baycenpackaging.com\/wp-content\/plugins\/elementor\/assets\/images\/placeholder.png\"},{\"@type\":\"BreadcrumbList\",\"@id\":\"https:\/\/baycenpackaging.com\/about-us\/#breadcrumb\",\"itemListElement\":[{\"@type\":\"ListItem\",\"position\":1,\"name\":\"Home\",\"item\":\"https:\/\/baycenpackaging.com\/\"},{\"@type\":\"ListItem\",\"position\":2,\"name\":\"About Us\"}]},{\"@type\":\"WebSite\",\"@id\":\"https:\/\/baycenpackaging.com\/#website\",\"url\":\"https:\/\/baycenpackaging.com\/\",\"name\":\"baycenpackaging.com\",\"description\":\"\",\"potentialAction\":[{\"@type\":\"SearchAction\",\"target\":{\"@type\":\"EntryPoint\",\"urlTemplate\":\"https:\/\/baycenpackaging.com\/?s={search_term_string}\"},\"query-input\":{\"@type\":\"PropertyValueSpecification\",\"valueRequired\":true,\"valueName\":\"search_term_string\"}}],\"inLanguage\":\"tr\"}]}<\/script>\n<!-- \/ Yoast SEO plugin. -->","yoast_head_json":{"title":"About Us - baycenpackaging.com","robots":{"index":"index","follow":"follow","max-snippet":"max-snippet:-1","max-image-preview":"max-image-preview:large","max-video-preview":"max-video-preview:-1"},"canonical":"https:\/\/baycenpackaging.com\/tr\/about-us\/","og_locale":"tr_TR","og_type":"article","og_title":"About Us - baycenpackaging.com","og_description":"About Baycen Packaging We provide custom packaging solutions designed to elevate your brand with premium materials, structural expertise, and reliable [&hellip;]","og_url":"https:\/\/baycenpackaging.com\/tr\/about-us\/","og_site_name":"baycenpackaging.com","article_modified_time":"2026-04-17T21:34:54+00:00","og_image":[{"url":"https:\/\/baycenpackaging.com\/wp-content\/plugins\/elementor\/assets\/images\/placeholder.png","type":"","width":"","height":""}],"twitter_card":"summary_large_image","twitter_misc":{"Tahmini okuma s\u00fcresi":"2 dakika"},"schema":{"@context":"https:\/\/schema.org","@graph":[{"@type":"WebPage","@id":"https:\/\/baycenpackaging.com\/about-us\/","url":"https:\/\/baycenpackaging.com\/about-us\/","name":"About Us - baycenpackaging.com","isPartOf":{"@id":"https:\/\/baycenpackaging.com\/#website"},"primaryImageOfPage":{"@id":"https:\/\/baycenpackaging.com\/about-us\/#primaryimage"},"image":{"@id":"https:\/\/baycenpackaging.com\/about-us\/#primaryimage"},"thumbnailUrl":"https:\/\/baycenpackaging.com\/wp-content\/plugins\/elementor\/assets\/images\/placeholder.png","datePublished":"2025-12-08T19:27:39+00:00","dateModified":"2026-04-17T21:34:54+00:00","breadcrumb":{"@id":"https:\/\/baycenpackaging.com\/about-us\/#breadcrumb"},"inLanguage":"tr","potentialAction":[{"@type":"ReadAction","target":["https:\/\/baycenpackaging.com\/about-us\/"]}]},{"@type":"ImageObject","inLanguage":"tr","@id":"https:\/\/baycenpackaging.com\/about-us\/#primaryimage","url":"https:\/\/baycenpackaging.com\/wp-content\/plugins\/elementor\/assets\/images\/placeholder.png","contentUrl":"https:\/\/baycenpackaging.com\/wp-content\/plugins\/elementor\/assets\/images\/placeholder.png"},{"@type":"BreadcrumbList","@id":"https:\/\/baycenpackaging.com\/about-us\/#breadcrumb","itemListElement":[{"@type":"ListItem","position":1,"name":"Home","item":"https:\/\/baycenpackaging.com\/"},{"@type":"ListItem","position":2,"name":"About Us"}]},{"@type":"WebSite","@id":"https:\/\/baycenpackaging.com\/#website","url":"https:\/\/baycenpackaging.com\/","name":"baycenpackaging.com","description":"","potentialAction":[{"@type":"SearchAction","target":{"@type":"EntryPoint","urlTemplate":"https:\/\/baycenpackaging.com\/?s={search_term_string}"},"query-input":{"@type":"PropertyValueSpecification","valueRequired":true,"valueName":"search_term_string"}}],"inLanguage":"tr"}]}},"_hostinger_reach_plugin_has_subscription_block":false,"_hostinger_reach_plugin_is_elementor":false,"_links":{"self":[{"href":"https:\/\/baycenpackaging.com\/tr\/wp-json\/wp\/v2\/pages\/257","targetHints":{"allow":["GET"]}}],"collection":[{"href":"https:\/\/baycenpackaging.com\/tr\/wp-json\/wp\/v2\/pages"}],"about":[{"href":"https:\/\/baycenpackaging.com\/tr\/wp-json\/wp\/v2\/types\/page"}],"author":[{"embeddable":true,"href":"https:\/\/baycenpackaging.com\/tr\/wp-json\/wp\/v2\/users\/1"}],"replies":[{"embeddable":true,"href":"https:\/\/baycenpackaging.com\/tr\/wp-json\/wp\/v2\/comments?post=257"}],"version-history":[{"count":239,"href":"https:\/\/baycenpackaging.com\/tr\/wp-json\/wp\/v2\/pages\/257\/revisions"}],"predecessor-version":[{"id":2370,"href":"https:\/\/baycenpackaging.com\/tr\/wp-json\/wp\/v2\/pages\/257\/revisions\/2370"}],"wp:attachment":[{"href":"https:\/\/baycenpackaging.com\/tr\/wp-json\/wp\/v2\/media?parent=257"}],"curies":[{"name":"wp","href":"https:\/\/api.w.org\/{rel}","templated":true}]}}